{"id":18,"date":"2021-01-26T15:31:28","date_gmt":"2021-01-26T14:31:28","guid":{"rendered":"http:\/\/www.grupporappresentanze.com\/?page_id=18"},"modified":"2025-09-24T09:54:00","modified_gmt":"2025-09-24T07:54:00","slug":"azienda","status":"publish","type":"page","link":"https:\/\/www.grupporappresentanze.com\/","title":{"rendered":"Azienda"},"content":{"rendered":"<div id='layer_slider_1'  class='avia-layerslider main_color avia-shadow  avia-builder-el-0  el_before_av_one_full  avia-builder-el-first  container_wrap sidebar_right' style='  height: 601px; max-width: 1920px; margin: 0 auto;' ><\/div><div id='after_layer_slider_1'  class='main_color av_default_container_wrap container_wrap sidebar_right' style=' '  ><div class='container' ><div class='template-page content  av-content-small alpha units'><div class='post-entry post-entry-type-page post-entry-18'><div class='entry-content-wrapper clearfix'>\n<div class=\"flex_column av_one_full  flex_column_div av-zero-column-padding first  avia-builder-el-1  el_after_av_layerslider  el_before_av_one_full  avia-builder-el-first  \" style='border-radius:0px; '><p><div  id=\"azienda\"  style='padding-bottom:10px; ' class='av-special-heading av-special-heading-h1  blockquote modern-quote modern-centered  avia-builder-el-2  el_before_av_textblock  avia-builder-el-first  '><h1 class='av-special-heading-tag '  itemprop=\"headline\"  >50 ANNI DI EVOLUZIONE<\/h1><div class='special-heading-border'><div class='special-heading-inner-border' ><\/div><\/div><\/div><br \/>\n<section class=\"av_textblock_section \"  itemscope=\"itemscope\" itemtype=\"https:\/\/schema.org\/CreativeWork\" ><div class='avia_textblock  '  style='font-size:17px; '  itemprop=\"text\" ><p style=\"text-align: justify;\">G.R. Gruppo Rappresentanze \u00e8 una realt\u00e0 imprenditoriale che opera da oltre 50 anni nell\u2019 ambito delle <strong>Forniture Industriali<\/strong> e <strong>Forniture per l\u2019Arredamento<\/strong>. Impegnato professionalmente nel settore della ferramenta, il Rag.<strong>\u00a0Italo Mancini<\/strong>, decise di trasformare l\u2019esperienza acquisita e la sua passione personale in un progetto di pi\u00f9 ampio respiro; la creazione di un nucleo commerciale che ambisse a diventare un punto di riferimento per tutto l\u2019Abruzzo e l\u2019area adriatica in generale.<br \/>\nCon le dimensioni odierne l\u2019azienda pu\u00f2 vantarsi di essere il riferimento per tutti coloro che, professionisti oppure hobbisti, intendano cogliere le migliori opportunit\u00e0 in termini di differenziazione e di qualit\u00e0 degli articoli offerti. Il nostro personale, altamente specializzato, \u00e8 in grado di offrire alla propria clientela soluzioni personalizzate per qualsiasi esigenza.<br \/>\nAlla costante ricerca delle ultime novit\u00e0 per ci\u00f2 che concerne prodotti e servizi al fine di migliorare ed ampliare la gamma, G.R. Gruppo Rappresentanze, \u00e8<strong> un\u2019azienda in continua evoluzione.<\/strong><\/p>\n<\/div><\/section><\/p><\/div>\n<div class=\"flex_column av_one_full  flex_column_div av-zero-column-padding first  avia-builder-el-4  el_after_av_one_full  el_before_av_one_full  column-top-margin\" style='border-radius:0px; '><p><div  style='padding-bottom:10px; ' class='av-special-heading av-special-heading-h2  blockquote modern-quote  avia-builder-el-5  el_before_av_iconlist  avia-builder-el-first  '><h2 class='av-special-heading-tag '  itemprop=\"headline\"  >I NOSTRI PRINCIPALI SETTORI OPERATIVI:<\/h2><div class='special-heading-border'><div class='special-heading-inner-border' ><\/div><\/div><\/div><br \/>\n<div  class='avia-icon-list-container   avia-builder-el-6  el_after_av_heading  avia-builder-el-last '><ul class='avia-icon-list avia-icon-list-left av-iconlist-small avia_animate_when_almost_visible avia-iconlist-animate'>\n<li><div  style='color:#0064b0; font-size:18px; ' class='iconlist_icon  avia-font-entypo-fontello'><span class='iconlist-char ' aria-hidden='true' data-av_icon='\ue832' data-av_iconfont='entypo-fontello'><\/span><\/div><article class=\"article-icon-entry av-iconlist-empty\"  itemscope=\"itemscope\" itemtype=\"https:\/\/schema.org\/CreativeWork\" ><div class='iconlist_content_wrap'><header class=\"entry-content-header\"><div class='av_iconlist_title iconlist_title_small   '  itemprop=\"headline\"   style='font-size:18px; '>Antinfortunistica e Abbigliamento da lavoro<\/div><\/header><div class='iconlist_content  '  itemprop=\"text\"  ><\/div><\/div><footer class=\"entry-footer\"><\/footer><\/article><div class='iconlist-timeline'><\/div><\/li>\n<li><div  style='color:#0064b0; font-size:18px; ' class='iconlist_icon  avia-font-entypo-fontello'><span class='iconlist-char ' aria-hidden='true' data-av_icon='\ue832' data-av_iconfont='entypo-fontello'><\/span><\/div><article class=\"article-icon-entry av-iconlist-empty\"  itemscope=\"itemscope\" itemtype=\"https:\/\/schema.org\/CreativeWork\" ><div class='iconlist_content_wrap'><header class=\"entry-content-header\"><div class='av_iconlist_title iconlist_title_small   '  itemprop=\"headline\"   style='font-size:18px; '>Imballaggi e Prodotti chimici<\/div><\/header><div class='iconlist_content  '  itemprop=\"text\"  ><\/div><\/div><footer class=\"entry-footer\"><\/footer><\/article><div class='iconlist-timeline'><\/div><\/li>\n<li><div  style='color:#0064b0; font-size:18px; ' class='iconlist_icon  avia-font-entypo-fontello'><span class='iconlist-char ' aria-hidden='true' data-av_icon='\ue832' data-av_iconfont='entypo-fontello'><\/span><\/div><article class=\"article-icon-entry av-iconlist-empty\"  itemscope=\"itemscope\" itemtype=\"https:\/\/schema.org\/CreativeWork\" ><div class='iconlist_content_wrap'><header class=\"entry-content-header\"><div class='av_iconlist_title iconlist_title_small   '  itemprop=\"headline\"   style='font-size:18px; '>Meccanismi e Cerniere<\/div><\/header><div class='iconlist_content  '  itemprop=\"text\"  ><\/div><\/div><footer class=\"entry-footer\"><\/footer><\/article><div class='iconlist-timeline'><\/div><\/li>\n<li><div  style='color:#0064b0; font-size:18px; ' class='iconlist_icon  avia-font-entypo-fontello'><span class='iconlist-char ' aria-hidden='true' data-av_icon='\ue832' data-av_iconfont='entypo-fontello'><\/span><\/div><article class=\"article-icon-entry av-iconlist-empty\"  itemscope=\"itemscope\" itemtype=\"https:\/\/schema.org\/CreativeWork\" ><div class='iconlist_content_wrap'><header class=\"entry-content-header\"><div class='av_iconlist_title iconlist_title_small   '  itemprop=\"headline\"   style='font-size:18px; '>Minuteria<\/div><\/header><div class='iconlist_content  '  itemprop=\"text\"  ><\/div><\/div><footer class=\"entry-footer\"><\/footer><\/article><div class='iconlist-timeline'><\/div><\/li>\n<li><div  style='color:#0064b0; font-size:18px; ' class='iconlist_icon  avia-font-entypo-fontello'><span class='iconlist-char ' aria-hidden='true' data-av_icon='\ue832' data-av_iconfont='entypo-fontello'><\/span><\/div><article class=\"article-icon-entry av-iconlist-empty\"  itemscope=\"itemscope\" itemtype=\"https:\/\/schema.org\/CreativeWork\" ><div class='iconlist_content_wrap'><header class=\"entry-content-header\"><div class='av_iconlist_title iconlist_title_small   '  itemprop=\"headline\"   style='font-size:18px; '>Utensileria e Strumenti di misurazione<\/div><\/header><div class='iconlist_content  '  itemprop=\"text\"  ><\/div><\/div><footer class=\"entry-footer\"><\/footer><\/article><div class='iconlist-timeline'><\/div><\/li>\n<li><div  style='color:#0064b0; font-size:18px; ' class='iconlist_icon  avia-font-entypo-fontello'><span class='iconlist-char ' aria-hidden='true' data-av_icon='\ue832' data-av_iconfont='entypo-fontello'><\/span><\/div><article class=\"article-icon-entry av-iconlist-empty\"  itemscope=\"itemscope\" itemtype=\"https:\/\/schema.org\/CreativeWork\" ><div class='iconlist_content_wrap'><header class=\"entry-content-header\"><div class='av_iconlist_title iconlist_title_small   '  itemprop=\"headline\"   style='font-size:18px; '>Profili e Sistemi d\u2019arredamento<\/div><\/header><div class='iconlist_content  '  itemprop=\"text\"  ><\/div><\/div><footer class=\"entry-footer\"><\/footer><\/article><div class='iconlist-timeline'><\/div><\/li>\n<li><div  style='color:#0064b0; font-size:18px; ' class='iconlist_icon  avia-font-entypo-fontello'><span class='iconlist-char ' aria-hidden='true' data-av_icon='\ue832' data-av_iconfont='entypo-fontello'><\/span><\/div><article class=\"article-icon-entry av-iconlist-empty\"  itemscope=\"itemscope\" itemtype=\"https:\/\/schema.org\/CreativeWork\" ><div class='iconlist_content_wrap'><header class=\"entry-content-header\"><div class='av_iconlist_title iconlist_title_small   '  itemprop=\"headline\"   style='font-size:18px; '>Complementi d\u2019arredo<\/div><\/header><div class='iconlist_content  '  itemprop=\"text\"  ><\/div><\/div><footer class=\"entry-footer\"><\/footer><\/article><div class='iconlist-timeline'><\/div><\/li>\n<li><div  style='color:#0064b0; font-size:18px; ' class='iconlist_icon  avia-font-entypo-fontello'><span class='iconlist-char ' aria-hidden='true' data-av_icon='\ue832' data-av_iconfont='entypo-fontello'><\/span><\/div><article class=\"article-icon-entry av-iconlist-empty\"  itemscope=\"itemscope\" itemtype=\"https:\/\/schema.org\/CreativeWork\" ><div class='iconlist_content_wrap'><header class=\"entry-content-header\"><div class='av_iconlist_title iconlist_title_small   '  itemprop=\"headline\"   style='font-size:18px; '>Materiale elettrico<\/div><\/header><div class='iconlist_content  '  itemprop=\"text\"  ><\/div><\/div><footer class=\"entry-footer\"><\/footer><\/article><div class='iconlist-timeline'><\/div><\/li>\n<\/ul><\/div><\/p><\/div>\n<div class=\"flex_column av_one_full  flex_column_div av-zero-column-padding first  avia-builder-el-7  el_after_av_one_full  el_before_av_one_full  column-top-margin\" style='border-radius:0px; '><p><div  id=\"dove-siamo\"  style='padding-bottom:10px; font-size:28px;' class='av-special-heading av-special-heading-h2  blockquote modern-quote modern-centered  avia-builder-el-8  el_before_av_textblock  avia-builder-el-first  av-inherit-size '><h2 class='av-special-heading-tag '  itemprop=\"headline\"  >VIENI A TROVARCI<\/h2><div class='special-heading-border'><div class='special-heading-inner-border' ><\/div><\/div><\/div><br \/>\n<section class=\"av_textblock_section \"  itemscope=\"itemscope\" itemtype=\"https:\/\/schema.org\/CreativeWork\" ><div class='avia_textblock  '   itemprop=\"text\" ><p style=\"text-align: center;\"><iframe loading=\"lazy\" style=\"border: 0;\" tabindex=\"0\" src=\"https:\/\/www.google.com\/maps\/embed?pb=!1m18!1m12!1m3!1d2945.158577094401!2d14.189433615458384!3d42.42435937918257!2m3!1f0!2f0!3f0!3m2!1i1024!2i768!4f13.1!3m3!1m2!1s0x1331af3560c39f17%3A0x905d7da92a3e1d47!2sVia%20Camillo%20Benso%20Conte%20di%20Cavour%2C%2016%2C%2066020%20Sambuceto%20CH!5e0!3m2!1sit!2sit!4v1611832303999!5m2!1sit!2sit\" width=\"800\" height=\"350\" frameborder=\"0\" allowfullscreen=\"allowfullscreen\" aria-hidden=\"false\"><\/iframe><\/p>\n<\/div><\/section><\/p><\/div>\n<div class=\"flex_column av_one_full  flex_column_div av-zero-column-padding first  avia-builder-el-10  el_after_av_one_full  el_before_av_three_fifth  column-top-margin\" style='border-radius:0px; ' id=\"contatti\" ><p><article  class=\"iconbox iconbox_top main_color    avia-builder-el-11  el_before_av_heading  avia-builder-el-first  \"  itemscope=\"itemscope\" itemtype=\"https:\/\/schema.org\/CreativeWork\" ><div class=\"iconbox_content\"><header class=\"entry-content-header\"><div class=\"iconbox_icon heading-color\" aria-hidden='true' data-av_icon='\ue862' data-av_iconfont='entypo-fontello'  style='background-color:#0064b0; color:#ffffff; ' ><\/div><h3 class='iconbox_content_title  '  itemprop=\"headline\"   style='font-size:22px; '>ORARI DI APERTURA<\/h3><\/header><div class='iconbox_content_container  '  itemprop=\"text\"   style='font-size:20px; '><p>Dal LUNEDI al VENERDI 08:30 \u2013 12:30 \/ 15:00 \u2013 18:00<\/p>\n<p>SABATO 08:30 \u2013 12:30<\/p>\n<\/div><\/div><footer class=\"entry-footer\"><\/footer><\/article><br \/>\n<div  style='padding-bottom:10px; font-size:28px;' class='av-special-heading av-special-heading-h2  blockquote modern-quote modern-centered  avia-builder-el-12  el_after_av_icon_box  avia-builder-el-last  av-inherit-size '><h2 class='av-special-heading-tag '  itemprop=\"headline\"  >CONTATTACI<\/h2><div class='special-heading-border'><div class='special-heading-inner-border' ><\/div><\/div><\/div><\/p><\/div>\n<div class=\"flex_column av_three_fifth  flex_column_div av-zero-column-padding first  avia-builder-el-13  el_after_av_one_full  el_before_av_two_fifth  column-top-margin\" style='border-radius:0px; '><form action=\"https:\/\/www.grupporappresentanze.com\/\" method=\"post\"  class=\"avia_ajax_form av-form-labels-hidden   avia-builder-el-14  avia-builder-el-no-sibling   \" data-avia-form-id=\"1\" data-avia-redirect='' ><fieldset><p class='  first_form  form_element form_fullwidth' id='element_avia_1_1'><label for=\"avia_1_1\">Nome <abbr class=\"required\" title=\"richiesto\">*<\/abbr><\/label> <input name=\"avia_1_1\" class=\"text_input is_empty\" type=\"text\" id=\"avia_1_1\" value=\"\"  placeholder='Nome*'\/><\/p><p class='  first_form  form_element form_fullwidth' id='element_avia_2_1'><label for=\"avia_2_1\">E-Mail <abbr class=\"required\" title=\"richiesto\">*<\/abbr><\/label> <input name=\"avia_2_1\" class=\"text_input is_email\" type=\"text\" id=\"avia_2_1\" value=\"\"  placeholder='E-Mail*'\/><\/p><p class='  first_form  form_element form_fullwidth' id='element_avia_3_1'><label for=\"avia_3_1\">Oggetto <abbr class=\"required\" title=\"richiesto\">*<\/abbr><\/label> <input name=\"avia_3_1\" class=\"text_input is_empty\" type=\"text\" id=\"avia_3_1\" value=\"\"  placeholder='Oggetto*'\/><\/p><p class='  first_form  form_element form_fullwidth' id='element_avia_4_1'><label for=\"avia_4_1\" class=\"textare_label hidden textare_label_avia_4_1\">Messaggio <abbr class=\"required\" title=\"richiesto\">*<\/abbr><\/label><textarea  placeholder='Messaggio*' name=\"avia_4_1\" class=\"text_area is_empty\" cols=\"40\" rows=\"7\" id=\"avia_4_1\" ><\/textarea><\/p><p class=\"hidden\"><input type=\"text\" name=\"avia_5_1\" class=\"hidden \" id=\"avia_5_1\" value=\"\" \/><\/p><p class='av_form_privacy_check av_contact_privacy_check first_form  form_element form_fullwidth' id='element_avia_6_1'>    <input  name=\"avia_6_1\" class=\"input_checkbox is_empty\" type=\"checkbox\" id=\"avia_6_1\" value=\"true\"\/><label class=\"input_checkbox_label\" for=\"avia_6_1\">Accetto i termini e le condizioni stabilite sulla <a href='https:\/\/www.grupporappresentanze.com\/?page_id=3' target='_blank'>Privacy Policy<\/a> <abbr class=\"required\" title=\"richiesto\">*<\/abbr><\/label><\/p><p class=\"form_element \"><input type=\"hidden\" value=\"1\" name=\"avia_generated_form1\" \/><input type=\"submit\" value=\"Invia\" class=\"button\"  data-sending-label=\"Invio\"\/><\/p><\/fieldset><\/form><div id=\"ajaxresponse_1\" class=\"ajaxresponse ajaxresponse_1 hidden\"><\/div><\/div>\n<div class=\"flex_column av_two_fifth  flex_column_div av-zero-column-padding   avia-builder-el-15  el_after_av_three_fifth  el_before_av_one_full  column-top-margin\" style='border-radius:0px; '><p><div  style='padding-bottom:10px; ' class='av-special-heading av-special-heading-h3  blockquote modern-quote  avia-builder-el-16  el_before_av_icon_box  avia-builder-el-first  '><h3 class='av-special-heading-tag '  itemprop=\"headline\"  >INFORMAZIONI<\/h3><div class='special-heading-border'><div class='special-heading-inner-border' ><\/div><\/div><\/div><br \/>\n<article  class=\"iconbox iconbox_left    avia-builder-el-17  el_after_av_heading  el_before_av_icon_box  \"  itemscope=\"itemscope\" itemtype=\"https:\/\/schema.org\/CreativeWork\" ><div class=\"iconbox_content\"><header class=\"entry-content-header\"><div class=\"iconbox_icon heading-color\" aria-hidden='true' data-av_icon='\ue842' data-av_iconfont='entypo-fontello'  ><\/div><\/header><div class='iconbox_content_container  '  itemprop=\"text\"  ><p>G.R. Gruppo Rappresentanze S.a.s.<br \/>\nVia Cavour, 16<br \/>\n66020 \u2013 Sambuceto (CH)<\/p>\n<\/div><\/div><footer class=\"entry-footer\"><\/footer><\/article><br \/>\n<article  class=\"iconbox iconbox_left    avia-builder-el-18  el_after_av_icon_box  el_before_av_icon_box  \"  itemscope=\"itemscope\" itemtype=\"https:\/\/schema.org\/CreativeWork\" ><div class=\"iconbox_content\"><header class=\"entry-content-header\"><div class=\"iconbox_icon heading-color\" aria-hidden='true' data-av_icon='\ue854' data-av_iconfont='entypo-fontello'  ><\/div><\/header><div class='iconbox_content_container  '  itemprop=\"text\"  ><p>Tel +39\u00a0085.4463433<br \/>\nFax +39 085.4460379<\/p>\n<\/div><\/div><footer class=\"entry-footer\"><\/footer><\/article><br \/>\n<article  class=\"iconbox iconbox_left    avia-builder-el-19  el_after_av_icon_box  el_before_av_icon_box  \"  itemscope=\"itemscope\" itemtype=\"https:\/\/schema.org\/CreativeWork\" ><div class=\"iconbox_content\"><header class=\"entry-content-header\"><div class=\"iconbox_icon heading-color\" aria-hidden='true' data-av_icon='\ue805' data-av_iconfont='entypo-fontello'  ><\/div><\/header><div class='iconbox_content_container  '  itemprop=\"text\"  ><p style=\"line-height: 1.3em;\">info@grupporappresentanze.com<\/p>\n<\/div><\/div><footer class=\"entry-footer\"><\/footer><\/article><br \/>\n<article  class=\"iconbox iconbox_left    avia-builder-el-20  el_after_av_icon_box  avia-builder-el-last  \"  itemscope=\"itemscope\" itemtype=\"https:\/\/schema.org\/CreativeWork\" ><div class=\"iconbox_content\"><header class=\"entry-content-header\"><div class=\"iconbox_icon heading-color\" aria-hidden='true' data-av_icon='\ue859' data-av_iconfont='entypo-fontello'  ><\/div><\/header><div class='iconbox_content_container  '  itemprop=\"text\"  ><p style=\"line-height: 1em;\"><a href=\"http:\/\/www.shopmancini.com\/\" target=\"_blank\" rel=\"noopener\">www.shopmancini.com<\/a><\/p>\n<\/div><\/div><footer class=\"entry-footer\"><\/footer><\/article><\/p><\/div>\n<div class=\"flex_column av_one_full  flex_column_div av-zero-column-padding first  avia-builder-el-21  el_after_av_two_fifth  avia-builder-el-last  \" style='border-radius:0px; '><section class=\"av_textblock_section \"  itemscope=\"itemscope\" itemtype=\"https:\/\/schema.org\/CreativeWork\" ><div class='avia_textblock  '   itemprop=\"text\" ><h6><a href=\"https:\/\/www.grupporappresentanze.com\/wp-content\/uploads\/2023\/06\/GR-TABELLA-AIUTI-2022.pdf\">TRASPARENZA CONTRIBUTI PUBBLICI \u2013 ANNO RIFERIMENTO 2022<\/a><\/h6>\n<\/div><\/section><\/div>\n","protected":false},"excerpt":{"rendered":"","protected":false},"author":4,"featured_media":0,"parent":0,"menu_order":0,"comment_status":"closed","ping_status":"closed","template":"","meta":{"footnotes":""},"class_list":["post-18","page","type-page","status-publish","hentry"],"_links":{"self":[{"href":"https:\/\/www.grupporappresentanze.com\/index.php?rest_route=\/wp\/v2\/pages\/18","targetHints":{"allow":["GET"]}}],"collection":[{"href":"https:\/\/www.grupporappresentanze.com\/index.php?rest_route=\/wp\/v2\/pages"}],"about":[{"href":"https:\/\/www.grupporappresentanze.com\/index.php?rest_route=\/wp\/v2\/types\/page"}],"author":[{"embeddable":true,"href":"https:\/\/www.grupporappresentanze.com\/index.php?rest_route=\/wp\/v2\/users\/4"}],"replies":[{"embeddable":true,"href":"https:\/\/www.grupporappresentanze.com\/index.php?rest_route=%2Fwp%2Fv2%2Fcomments&post=18"}],"version-history":[{"count":69,"href":"https:\/\/www.grupporappresentanze.com\/index.php?rest_route=\/wp\/v2\/pages\/18\/revisions"}],"predecessor-version":[{"id":864,"href":"https:\/\/www.grupporappresentanze.com\/index.php?rest_route=\/wp\/v2\/pages\/18\/revisions\/864"}],"wp:attachment":[{"href":"https:\/\/www.grupporappresentanze.com\/index.php?rest_route=%2Fwp%2Fv2%2Fmedia&parent=18"}],"curies":[{"name":"wp","href":"https:\/\/api.w.org\/{rel}","templated":true}]}}