{"id":675,"date":"2021-02-11T18:28:03","date_gmt":"2021-02-11T17:28:03","guid":{"rendered":"http:\/\/www.grupporappresentanze.com\/?page_id=675"},"modified":"2021-02-11T18:28:05","modified_gmt":"2021-02-11T17:28:05","slug":"ruote","status":"publish","type":"page","link":"https:\/\/www.grupporappresentanze.com\/?page_id=675","title":{"rendered":"Ruote"},"content":{"rendered":"<div  style='padding-bottom:10px; ' class='av-special-heading av-special-heading-h2  blockquote modern-quote  avia-builder-el-0  el_before_av_textblock  avia-builder-el-first  '><h2 class='av-special-heading-tag '  itemprop=\"headline\"  >RUOTE<\/h2><div class='special-heading-border'><div class='special-heading-inner-border' ><\/div><\/div><\/div>\n<section class=\"av_textblock_section \"  itemscope=\"itemscope\" itemtype=\"https:\/\/schema.org\/CreativeWork\" ><div class='avia_textblock  '   itemprop=\"text\" ><p>Ruote per qualsiasi utilizzo, prodotti di qualit\u00e0, affidabilit\u00e0, resistenza e variet\u00e0 di attacchi.<\/p>\n<\/div><\/section>\n<div id='av-masonry-1' class='av-masonry  noHover av-fixed-size av-large-gap av-hover-overlay- av-masonry-animation-active av-masonry-col-4 av-caption-always av-caption-style-  av-orientation-square  '  ><div class='av-masonry-container isotope av-js-disabled ' ><div class='av-masonry-entry isotope-item av-masonry-item-no-image all_sort ruote_sort '><\/div><a href=\"https:\/\/www.grupporappresentanze.com\/?portfolio=ruote-per-larredamento\"  id='av-masonry-1-item-680' data-av-masonry-item='680' class='av-masonry-entry isotope-item post-680 portfolio type-portfolio status-publish has-post-thumbnail hentry portfolio_entries-ruote all_sort ruote_sort  av-masonry-item-with-image' title=\"RUOTE-ARREDAMENTO\"  itemscope=\"itemscope\" itemtype=\"https:\/\/schema.org\/CreativeWork\" ><div class='av-inner-masonry-sizer'><\/div><figure class='av-inner-masonry main_color'><div class=\"av-masonry-outerimage-container\"><div class=\"av-masonry-image-container\" style=\"background-image: url(https:\/\/www.grupporappresentanze.com\/wp-content\/uploads\/2021\/02\/RUOTE-ARREDAMENTO-1.jpg);\" title=\"RUOTE-ARREDAMENTO\"  alt=\"Ruote per l&#039;arredamento\" ><\/div><\/div><figcaption class='av-inner-masonry-content site-background'><div class='av-inner-masonry-content-pos'><div class='av-inner-masonry-content-pos-content'><div class='avia-arrow'><\/div><h3 class='av-masonry-entry-title entry-title '  itemprop=\"headline\" >Ruote per l&#8217;arredamento<\/h3><\/div><\/div><\/figcaption><\/figure><\/a><!--end av-masonry entry--><a href=\"https:\/\/www.grupporappresentanze.com\/?portfolio=ruote-per-lindustria\"  id='av-masonry-1-item-685' data-av-masonry-item='685' class='av-masonry-entry isotope-item post-685 portfolio type-portfolio status-publish has-post-thumbnail hentry portfolio_entries-ruote all_sort ruote_sort  av-masonry-item-with-image' title=\"RUOTE\"  itemscope=\"itemscope\" itemtype=\"https:\/\/schema.org\/CreativeWork\" ><div class='av-inner-masonry-sizer'><\/div><figure class='av-inner-masonry main_color'><div class=\"av-masonry-outerimage-container\"><div class=\"av-masonry-image-container\" style=\"background-image: url(https:\/\/www.grupporappresentanze.com\/wp-content\/uploads\/2021\/02\/RUOTE.jpg);\" title=\"RUOTE\"  alt=\"Ruote\" ><\/div><\/div><figcaption class='av-inner-masonry-content site-background'><div class='av-inner-masonry-content-pos'><div class='av-inner-masonry-content-pos-content'><div class='avia-arrow'><\/div><h3 class='av-masonry-entry-title entry-title '  itemprop=\"headline\" >Ruote per l&#8217;industria<\/h3><\/div><\/div><\/figcaption><\/figure><\/a><!--end av-masonry entry--><a href=\"https:\/\/www.grupporappresentanze.com\/?portfolio=ruote-speciali\"  id='av-masonry-1-item-688' data-av-masonry-item='688' class='av-masonry-entry isotope-item post-688 portfolio type-portfolio status-publish has-post-thumbnail hentry portfolio_entries-ruote all_sort ruote_sort  av-masonry-item-with-image' title=\"RUOTE-SPECIALI\"  itemscope=\"itemscope\" itemtype=\"https:\/\/schema.org\/CreativeWork\" ><div class='av-inner-masonry-sizer'><\/div><figure class='av-inner-masonry main_color'><div class=\"av-masonry-outerimage-container\"><div class=\"av-masonry-image-container\" style=\"background-image: url(https:\/\/www.grupporappresentanze.com\/wp-content\/uploads\/2021\/02\/RUOTE-SPECIALI-1.jpg);\" title=\"RUOTE-SPECIALI\" ><\/div><\/div><figcaption class='av-inner-masonry-content site-background'><div class='av-inner-masonry-content-pos'><div class='av-inner-masonry-content-pos-content'><div class='avia-arrow'><\/div><h3 class='av-masonry-entry-title entry-title '  itemprop=\"headline\" >Ruote speciali<\/h3><\/div><\/div><\/figcaption><\/figure><\/a><!--end av-masonry entry--><\/div><\/div>\n<div  style='height:20px' class='hr hr-invisible   avia-builder-el-3  el_after_av_masonry_entries  avia-builder-el-no-sibling '><span class='hr-inner ' ><span class='hr-inner-style'><\/span><\/span><\/div>\n","protected":false},"excerpt":{"rendered":"","protected":false},"author":4,"featured_media":0,"parent":0,"menu_order":0,"comment_status":"closed","ping_status":"closed","template":"","meta":{"footnotes":""},"class_list":["post-675","page","type-page","status-publish","hentry"],"_links":{"self":[{"href":"https:\/\/www.grupporappresentanze.com\/index.php?rest_route=\/wp\/v2\/pages\/675","targetHints":{"allow":["GET"]}}],"collection":[{"href":"https:\/\/www.grupporappresentanze.com\/index.php?rest_route=\/wp\/v2\/pages"}],"about":[{"href":"https:\/\/www.grupporappresentanze.com\/index.php?rest_route=\/wp\/v2\/types\/page"}],"author":[{"embeddable":true,"href":"https:\/\/www.grupporappresentanze.com\/index.php?rest_route=\/wp\/v2\/users\/4"}],"replies":[{"embeddable":true,"href":"https:\/\/www.grupporappresentanze.com\/index.php?rest_route=%2Fwp%2Fv2%2Fcomments&post=675"}],"version-history":[{"count":1,"href":"https:\/\/www.grupporappresentanze.com\/index.php?rest_route=\/wp\/v2\/pages\/675\/revisions"}],"predecessor-version":[{"id":676,"href":"https:\/\/www.grupporappresentanze.com\/index.php?rest_route=\/wp\/v2\/pages\/675\/revisions\/676"}],"wp:attachment":[{"href":"https:\/\/www.grupporappresentanze.com\/index.php?rest_route=%2Fwp%2Fv2%2Fmedia&parent=675"}],"curies":[{"name":"wp","href":"https:\/\/api.w.org\/{rel}","templated":true}]}}